{"id":2513,"date":"2024-02-15T03:09:11","date_gmt":"2024-02-15T03:09:11","guid":{"rendered":"https:\/\/kw-latam.com\/?page_id=2513"},"modified":"2024-03-20T03:16:06","modified_gmt":"2024-03-20T03:16:06","slug":"sap-btp-business-technology-platform","status":"publish","type":"page","link":"https:\/\/kw-latam.com\/es\/sap-btp-business-technology-platform\/","title":{"rendered":"SAP BTP (Plataforma Tecnol\u00f3gica Empresarial)"},"content":{"rendered":"<div data-elementor-type=\"wp-page\" data-elementor-id=\"2513\" class=\"elementor elementor-2513\">\n\t\t\t\t\t\t\t\t\t<section class=\"elementor-section elementor-top-section elementor-element elementor-element-1862ece9 elementor-section-full_width elementor-section-height-min-height elementor-section-height-default elementor-section-items-middle\" data-id=\"1862ece9\" data-element_type=\"section\" data-settings=\"{&quot;background_background&quot;:&quot;classic&quot;}\">\n\t\t\t\t\t\t\t<div class=\"elementor-background-overlay\"><\/div>\n\t\t\t\t\t\t\t<div class=\"elementor-container elementor-column-gap-default\">\n\t\t\t\t\t<div class=\"elementor-column elementor-col-100 elementor-top-column elementor-element elementor-element-e0a063a\" data-id=\"e0a063a\" data-element_type=\"column\">\n\t\t\t<div class=\"elementor-widget-wrap elementor-element-populated\">\n\t\t\t\t\t\t\t\t<div class=\"elementor-element elementor-element-5c908e54 elementor-widget elementor-widget-gva-heading-block\" data-id=\"5c908e54\" data-element_type=\"widget\" data-widget_type=\"gva-heading-block.default\">\n\t\t\t\t<div class=\"elementor-widget-container\">\n\t\t\t<div class=\"gva-element-gva-heading-block gva-element\">   <div class=\"align-center style-1 widget gsc-heading box-align-center auto-responsive\">\r\n      <div class=\"content-inner\">\r\n         \r\n         \r\n         \r\n           \r\n         \r\n                     <h1 class=\"title\">\r\n               <span>SAP BTP (Plataforma Tecnol\u00f3gica Empresarial) <\/span>\r\n            <\/h1>\r\n                  \r\n         \r\n      <\/div>\r\n   <\/div>\r\n<\/div>\t\t<\/div>\n\t\t\t\t<\/div>\n\t\t\t\t\t<\/div>\n\t\t<\/div>\n\t\t\t\t\t\t\t<\/div>\n\t\t<\/section>\n\t\t\t\t<section class=\"elementor-section elementor-top-section elementor-element elementor-element-5c15b368 elementor-section-boxed elementor-section-height-default elementor-section-height-default\" data-id=\"5c15b368\" data-element_type=\"section\">\n\t\t\t\t\t\t<div class=\"elementor-container elementor-column-gap-default\">\n\t\t\t\t\t<div class=\"elementor-column elementor-col-33 elementor-top-column elementor-element elementor-element-4da7c642\" data-id=\"4da7c642\" data-element_type=\"column\">\n\t\t\t<div class=\"elementor-widget-wrap elementor-element-populated\">\n\t\t\t\t\t\t\t\t<div class=\"elementor-element elementor-element-7d4cef5b elementor-widget__width-initial elementor-widget elementor-widget-image\" data-id=\"7d4cef5b\" data-element_type=\"widget\" data-widget_type=\"image.default\">\n\t\t\t\t<div class=\"elementor-widget-container\">\n\t\t\t<style>\/*! elementor - v3.18.0 - 20-12-2023 *\/\n.elementor-widget-image{text-align:center}.elementor-widget-image a{display:inline-block}.elementor-widget-image a img[src$=\".svg\"]{width:48px}.elementor-widget-image img{vertical-align:middle;display:inline-block}<\/style>\t\t\t\t\t\t\t\t\t\t\t\t<img fetchpriority=\"high\" decoding=\"async\" width=\"1860\" height=\"2560\" src=\"https:\/\/kw-latam.com\/wp-content\/uploads\/2024\/02\/SAP-BTP-Plat-scaled.jpg\" class=\"attachment-full size-full wp-image-2536\" alt=\"\" srcset=\"https:\/\/kw-latam.com\/wp-content\/uploads\/2024\/02\/SAP-BTP-Plat-scaled.jpg 1860w, https:\/\/kw-latam.com\/wp-content\/uploads\/2024\/02\/SAP-BTP-Plat-744x1024.jpg 744w, https:\/\/kw-latam.com\/wp-content\/uploads\/2024\/02\/SAP-BTP-Plat-768x1057.jpg 768w, https:\/\/kw-latam.com\/wp-content\/uploads\/2024\/02\/SAP-BTP-Plat-9x12.jpg 9w\" sizes=\"(max-width: 1860px) 100vw, 1860px\" \/>\t\t\t\t\t\t\t\t\t\t\t\t\t\t\t<\/div>\n\t\t\t\t<\/div>\n\t\t\t\t\t<\/div>\n\t\t<\/div>\n\t\t\t\t<div class=\"elementor-column elementor-col-66 elementor-top-column elementor-element elementor-element-754aee18\" data-id=\"754aee18\" data-element_type=\"column\">\n\t\t\t<div class=\"elementor-widget-wrap elementor-element-populated\">\n\t\t\t\t\t\t\t\t<div class=\"elementor-element elementor-element-3d442e02 elementor-widget elementor-widget-image\" data-id=\"3d442e02\" data-element_type=\"widget\" data-widget_type=\"image.default\">\n\t\t\t\t<div class=\"elementor-widget-container\">\n\t\t\t\t\t\t\t\t\t\t\t\t\t\t\t<img decoding=\"async\" width=\"800\" height=\"300\" src=\"https:\/\/kw-latam.com\/wp-content\/uploads\/2024\/02\/SAPBTP.jpeg\" class=\"attachment-full size-full wp-image-2524\" alt=\"\" srcset=\"https:\/\/kw-latam.com\/wp-content\/uploads\/2024\/02\/SAPBTP.jpeg 800w, https:\/\/kw-latam.com\/wp-content\/uploads\/2024\/02\/SAPBTP-768x288.jpeg 768w, https:\/\/kw-latam.com\/wp-content\/uploads\/2024\/02\/SAPBTP-18x7.jpeg 18w\" sizes=\"(max-width: 800px) 100vw, 800px\" \/>\t\t\t\t\t\t\t\t\t\t\t\t\t\t\t<\/div>\n\t\t\t\t<\/div>\n\t\t\t\t<div class=\"elementor-element elementor-element-42c3663b elementor-widget elementor-widget-text-editor\" data-id=\"42c3663b\" data-element_type=\"widget\" data-widget_type=\"text-editor.default\">\n\t\t\t\t<div class=\"elementor-widget-container\">\n\t\t\t<style>\/*! elementor - v3.18.0 - 20-12-2023 *\/\n.elementor-widget-text-editor.elementor-drop-cap-view-stacked .elementor-drop-cap{background-color:#69727d;color:#fff}.elementor-widget-text-editor.elementor-drop-cap-view-framed .elementor-drop-cap{color:#69727d;border:3px solid;background-color:transparent}.elementor-widget-text-editor:not(.elementor-drop-cap-view-default) .elementor-drop-cap{margin-top:8px}.elementor-widget-text-editor:not(.elementor-drop-cap-view-default) .elementor-drop-cap-letter{width:1em;height:1em}.elementor-widget-text-editor .elementor-drop-cap{float:left;text-align:center;line-height:1;font-size:50px}.elementor-widget-text-editor .elementor-drop-cap-letter{display:inline-block}<\/style>\t\t\t\t<p>SAP BTP ofrece una plataforma completa para apoyar las iniciativas de Business Intelligence, desde la integraci\u00f3n de datos hasta la creaci\u00f3n de informes y an\u00e1lisis avanzados. Esto ayuda a las organizaciones a obtener informaci\u00f3n valiosa para la toma de decisiones informadas y estrat\u00e9gicas. SAP BTP puede ser beneficioso de varias maneras:<\/p><p>\u2022 Integraci\u00f3n de datos<br \/>\u2022 Almacenamiento de datos<br \/>\u2022 Procesamiento y an\u00e1lisis de datos<br \/>\u2022 Conectividad con aplicaciones SAP y no SAP<br \/>\u2022 Servicios de BI en la nube<br \/>\u2022 Libere todo el potencial de sus datos con SAP BTP, impulsando la innovaci\u00f3n y la excelencia en sus esfuerzos de inteligencia empresarial.<\/p>\t\t\t\t\t\t<\/div>\n\t\t\t\t<\/div>\n\t\t\t\t\t<\/div>\n\t\t<\/div>\n\t\t\t\t\t\t\t<\/div>\n\t\t<\/section>\n\t\t\t\t\t\t\t<\/div>","protected":false},"excerpt":{"rendered":"<p>SAP BTP (Business Technology Platform) SAP BTP, the comprehensive platform designed to bolster Business Intelligence initiatives, spanning from data integration to advanced reporting and analysis. This empowers organizations to glean valuable insights for informed and strategic decision-making. SAP BTP delivers benefits in several key areas: \u2022 Data Integration\u2022 Data Storage\u2022 Data Processing and Analysis\u2022 Connectivity [&hellip;]<\/p>","protected":false},"author":4,"featured_media":0,"parent":0,"menu_order":0,"comment_status":"closed","ping_status":"closed","template":"elementor_header_footer","meta":{"footnotes":""},"class_list":["post-2513","page","type-page","status-publish","hentry"],"acf":[],"yoast_head":"<!-- This site is optimized with the Yoast SEO plugin v21.7 - https:\/\/yoast.com\/wordpress\/plugins\/seo\/ -->\n<title>SAP BTP (Business Technology Platform) - KW Consultants<\/title>\n<meta name=\"description\" content=\"SAP BTP, the comprehensive platform designed to bolster Business Intelligence initiatives, spanning from data integration to advanced reporting and analysis.\" \/>\n<meta name=\"robots\" content=\"index, follow, max-snippet:-1, max-image-preview:large, max-video-preview:-1\" \/>\n<link rel=\"canonical\" href=\"https:\/\/kw-latam.com\/es\/sap-btp-business-technology-platform\/\" \/>\n<meta property=\"og:locale\" content=\"es_ES\" \/>\n<meta property=\"og:type\" content=\"article\" \/>\n<meta property=\"og:title\" content=\"SAP BTP (Business Technology Platform) - KW Consultants\" \/>\n<meta property=\"og:description\" content=\"SAP BTP, the comprehensive platform designed to bolster Business Intelligence initiatives, spanning from data integration to advanced reporting and analysis.\" \/>\n<meta property=\"og:url\" content=\"https:\/\/kw-latam.com\/es\/sap-btp-business-technology-platform\/\" \/>\n<meta property=\"og:site_name\" content=\"KW Consultants\" \/>\n<meta property=\"article:modified_time\" content=\"2024-03-20T03:16:06+00:00\" \/>\n<meta property=\"og:image\" content=\"https:\/\/kw-latam.com\/wp-content\/uploads\/2024\/02\/SAP-BTP-Plat-scaled.jpg\" \/>\n<meta name=\"twitter:card\" content=\"summary_large_image\" \/>\n<meta name=\"twitter:label1\" content=\"Tiempo de lectura\" \/>\n\t<meta name=\"twitter:data1\" content=\"1 minuto\" \/>\n<script type=\"application\/ld+json\" class=\"yoast-schema-graph\">{\"@context\":\"https:\/\/schema.org\",\"@graph\":[{\"@type\":\"WebPage\",\"@id\":\"https:\/\/kw-latam.com\/sap-btp-business-technology-platform\/\",\"url\":\"https:\/\/kw-latam.com\/sap-btp-business-technology-platform\/\",\"name\":\"SAP BTP (Business Technology Platform) - KW Consultants\",\"isPartOf\":{\"@id\":\"https:\/\/kw-latam.com\/#website\"},\"datePublished\":\"2024-02-15T03:09:11+00:00\",\"dateModified\":\"2024-03-20T03:16:06+00:00\",\"description\":\"SAP BTP, the comprehensive platform designed to bolster Business Intelligence initiatives, spanning from data integration to advanced reporting and analysis.\",\"breadcrumb\":{\"@id\":\"https:\/\/kw-latam.com\/sap-btp-business-technology-platform\/#breadcrumb\"},\"inLanguage\":\"es\",\"potentialAction\":[{\"@type\":\"ReadAction\",\"target\":[\"https:\/\/kw-latam.com\/sap-btp-business-technology-platform\/\"]}]},{\"@type\":\"BreadcrumbList\",\"@id\":\"https:\/\/kw-latam.com\/sap-btp-business-technology-platform\/#breadcrumb\",\"itemListElement\":[{\"@type\":\"ListItem\",\"position\":1,\"name\":\"Home\",\"item\":\"https:\/\/kw-latam.com\/\"},{\"@type\":\"ListItem\",\"position\":2,\"name\":\"SAP BTP (Business Technology Platform)\"}]},{\"@type\":\"WebSite\",\"@id\":\"https:\/\/kw-latam.com\/#website\",\"url\":\"https:\/\/kw-latam.com\/\",\"name\":\"KW Consultants\",\"description\":\"\",\"publisher\":{\"@id\":\"https:\/\/kw-latam.com\/#organization\"},\"potentialAction\":[{\"@type\":\"SearchAction\",\"target\":{\"@type\":\"EntryPoint\",\"urlTemplate\":\"https:\/\/kw-latam.com\/?s={search_term_string}\"},\"query-input\":\"required name=search_term_string\"}],\"inLanguage\":\"es\"},{\"@type\":\"Organization\",\"@id\":\"https:\/\/kw-latam.com\/#organization\",\"name\":\"KW Consultants\",\"url\":\"https:\/\/kw-latam.com\/\",\"logo\":{\"@type\":\"ImageObject\",\"inLanguage\":\"es\",\"@id\":\"https:\/\/kw-latam.com\/#\/schema\/logo\/image\/\",\"url\":\"https:\/\/kw-latam.com\/wp-content\/uploads\/2022\/08\/KW-CONSULTANTS-LOGO.png\",\"contentUrl\":\"https:\/\/kw-latam.com\/wp-content\/uploads\/2022\/08\/KW-CONSULTANTS-LOGO.png\",\"width\":6053,\"height\":3989,\"caption\":\"KW Consultants\"},\"image\":{\"@id\":\"https:\/\/kw-latam.com\/#\/schema\/logo\/image\/\"},\"sameAs\":[\"https:\/\/www.linkedin.com\/company\/kw-consultants01\"]}]}<\/script>\n<!-- \/ Yoast SEO plugin. -->","yoast_head_json":{"title":"SAP BTP (Business Technology Platform) - KW Consultants","description":"SAP BTP, the comprehensive platform designed to bolster Business Intelligence initiatives, spanning from data integration to advanced reporting and analysis.","robots":{"index":"index","follow":"follow","max-snippet":"max-snippet:-1","max-image-preview":"max-image-preview:large","max-video-preview":"max-video-preview:-1"},"canonical":"https:\/\/kw-latam.com\/es\/sap-btp-business-technology-platform\/","og_locale":"es_ES","og_type":"article","og_title":"SAP BTP (Business Technology Platform) - KW Consultants","og_description":"SAP BTP, the comprehensive platform designed to bolster Business Intelligence initiatives, spanning from data integration to advanced reporting and analysis.","og_url":"https:\/\/kw-latam.com\/es\/sap-btp-business-technology-platform\/","og_site_name":"KW Consultants","article_modified_time":"2024-03-20T03:16:06+00:00","og_image":[{"url":"https:\/\/kw-latam.com\/wp-content\/uploads\/2024\/02\/SAP-BTP-Plat-scaled.jpg"}],"twitter_card":"summary_large_image","twitter_misc":{"Tiempo de lectura":"1 minuto"},"schema":{"@context":"https:\/\/schema.org","@graph":[{"@type":"WebPage","@id":"https:\/\/kw-latam.com\/sap-btp-business-technology-platform\/","url":"https:\/\/kw-latam.com\/sap-btp-business-technology-platform\/","name":"SAP BTP (Business Technology Platform) - KW Consultants","isPartOf":{"@id":"https:\/\/kw-latam.com\/#website"},"datePublished":"2024-02-15T03:09:11+00:00","dateModified":"2024-03-20T03:16:06+00:00","description":"SAP BTP, the comprehensive platform designed to bolster Business Intelligence initiatives, spanning from data integration to advanced reporting and analysis.","breadcrumb":{"@id":"https:\/\/kw-latam.com\/sap-btp-business-technology-platform\/#breadcrumb"},"inLanguage":"es","potentialAction":[{"@type":"ReadAction","target":["https:\/\/kw-latam.com\/sap-btp-business-technology-platform\/"]}]},{"@type":"BreadcrumbList","@id":"https:\/\/kw-latam.com\/sap-btp-business-technology-platform\/#breadcrumb","itemListElement":[{"@type":"ListItem","position":1,"name":"Home","item":"https:\/\/kw-latam.com\/"},{"@type":"ListItem","position":2,"name":"SAP BTP (Business Technology Platform)"}]},{"@type":"WebSite","@id":"https:\/\/kw-latam.com\/#website","url":"https:\/\/kw-latam.com\/","name":"KW Consultants","description":"","publisher":{"@id":"https:\/\/kw-latam.com\/#organization"},"potentialAction":[{"@type":"SearchAction","target":{"@type":"EntryPoint","urlTemplate":"https:\/\/kw-latam.com\/?s={search_term_string}"},"query-input":"required name=search_term_string"}],"inLanguage":"es"},{"@type":"Organization","@id":"https:\/\/kw-latam.com\/#organization","name":"KW Consultants","url":"https:\/\/kw-latam.com\/","logo":{"@type":"ImageObject","inLanguage":"es","@id":"https:\/\/kw-latam.com\/#\/schema\/logo\/image\/","url":"https:\/\/kw-latam.com\/wp-content\/uploads\/2022\/08\/KW-CONSULTANTS-LOGO.png","contentUrl":"https:\/\/kw-latam.com\/wp-content\/uploads\/2022\/08\/KW-CONSULTANTS-LOGO.png","width":6053,"height":3989,"caption":"KW Consultants"},"image":{"@id":"https:\/\/kw-latam.com\/#\/schema\/logo\/image\/"},"sameAs":["https:\/\/www.linkedin.com\/company\/kw-consultants01"]}]}},"_links":{"self":[{"href":"https:\/\/kw-latam.com\/es\/wp-json\/wp\/v2\/pages\/2513","targetHints":{"allow":["GET"]}}],"collection":[{"href":"https:\/\/kw-latam.com\/es\/wp-json\/wp\/v2\/pages"}],"about":[{"href":"https:\/\/kw-latam.com\/es\/wp-json\/wp\/v2\/types\/page"}],"author":[{"embeddable":true,"href":"https:\/\/kw-latam.com\/es\/wp-json\/wp\/v2\/users\/4"}],"replies":[{"embeddable":true,"href":"https:\/\/kw-latam.com\/es\/wp-json\/wp\/v2\/comments?post=2513"}],"version-history":[{"count":26,"href":"https:\/\/kw-latam.com\/es\/wp-json\/wp\/v2\/pages\/2513\/revisions"}],"predecessor-version":[{"id":2678,"href":"https:\/\/kw-latam.com\/es\/wp-json\/wp\/v2\/pages\/2513\/revisions\/2678"}],"wp:attachment":[{"href":"https:\/\/kw-latam.com\/es\/wp-json\/wp\/v2\/media?parent=2513"}],"curies":[{"name":"wp","href":"https:\/\/api.w.org\/{rel}","templated":true}]}}