{"id":2477,"date":"2024-02-14T13:39:58","date_gmt":"2024-02-14T13:39:58","guid":{"rendered":"https:\/\/kw-latam.com\/?page_id=2477"},"modified":"2024-02-24T04:00:45","modified_gmt":"2024-02-24T04:00:45","slug":"sap-datasphere","status":"publish","type":"page","link":"https:\/\/kw-latam.com\/es\/sap-datasphere\/","title":{"rendered":"Sap Datasphere"},"content":{"rendered":"<div data-elementor-type=\"wp-page\" data-elementor-id=\"2477\" class=\"elementor elementor-2477\">\n\t\t\t\t\t\t\t\t\t<section class=\"elementor-section elementor-top-section elementor-element elementor-element-2bed01d5 elementor-section-full_width elementor-section-height-min-height elementor-section-height-default elementor-section-items-middle\" data-id=\"2bed01d5\" data-element_type=\"section\" data-settings=\"{&quot;background_background&quot;:&quot;classic&quot;}\">\n\t\t\t\t\t\t\t<div class=\"elementor-background-overlay\"><\/div>\n\t\t\t\t\t\t\t<div class=\"elementor-container elementor-column-gap-default\">\n\t\t\t\t\t<div class=\"elementor-column elementor-col-100 elementor-top-column elementor-element elementor-element-3d000122\" data-id=\"3d000122\" data-element_type=\"column\">\n\t\t\t<div class=\"elementor-widget-wrap elementor-element-populated\">\n\t\t\t\t\t\t\t\t<div class=\"elementor-element elementor-element-2149f9b elementor-widget elementor-widget-gva-heading-block\" data-id=\"2149f9b\" data-element_type=\"widget\" data-widget_type=\"gva-heading-block.default\">\n\t\t\t\t<div class=\"elementor-widget-container\">\n\t\t\t<div class=\"gva-element-gva-heading-block gva-element\">   <div class=\"align-center style-1 widget gsc-heading box-align-center auto-responsive\">\r\n      <div class=\"content-inner\">\r\n         \r\n         \r\n         \r\n           \r\n         \r\n                     <h1 class=\"title\">\r\n               <span>SAP DATASPHERE<\/span>\r\n            <\/h1>\r\n                  \r\n         \r\n      <\/div>\r\n   <\/div>\r\n<\/div>\t\t<\/div>\n\t\t\t\t<\/div>\n\t\t\t\t\t<\/div>\n\t\t<\/div>\n\t\t\t\t\t\t\t<\/div>\n\t\t<\/section>\n\t\t\t\t<section class=\"elementor-section elementor-top-section elementor-element elementor-element-5f51fceb elementor-section-boxed elementor-section-height-default elementor-section-height-default\" data-id=\"5f51fceb\" data-element_type=\"section\">\n\t\t\t\t\t\t<div class=\"elementor-container elementor-column-gap-default\">\n\t\t\t\t\t<div class=\"elementor-column elementor-col-33 elementor-top-column elementor-element elementor-element-4e9c25d8\" data-id=\"4e9c25d8\" data-element_type=\"column\">\n\t\t\t<div class=\"elementor-widget-wrap elementor-element-populated\">\n\t\t\t\t\t\t\t\t<div class=\"elementor-element elementor-element-26f0885 elementor-widget elementor-widget-image\" data-id=\"26f0885\" data-element_type=\"widget\" data-widget_type=\"image.default\">\n\t\t\t\t<div class=\"elementor-widget-container\">\n\t\t\t<style>\/*! elementor - v3.18.0 - 20-12-2023 *\/\n.elementor-widget-image{text-align:center}.elementor-widget-image a{display:inline-block}.elementor-widget-image a img[src$=\".svg\"]{width:48px}.elementor-widget-image img{vertical-align:middle;display:inline-block}<\/style>\t\t\t\t\t\t\t\t\t\t\t\t<img fetchpriority=\"high\" decoding=\"async\" width=\"821\" height=\"1024\" src=\"https:\/\/kw-latam.com\/wp-content\/uploads\/2024\/02\/2-821x1024.jpg\" class=\"attachment-large size-large wp-image-2523\" alt=\"\" srcset=\"https:\/\/kw-latam.com\/wp-content\/uploads\/2024\/02\/2-821x1024.jpg 821w, https:\/\/kw-latam.com\/wp-content\/uploads\/2024\/02\/2-768x958.jpg 768w, https:\/\/kw-latam.com\/wp-content\/uploads\/2024\/02\/2-10x12.jpg 10w\" sizes=\"(max-width: 821px) 100vw, 821px\" \/>\t\t\t\t\t\t\t\t\t\t\t\t\t\t\t<\/div>\n\t\t\t\t<\/div>\n\t\t\t\t\t<\/div>\n\t\t<\/div>\n\t\t\t\t<div class=\"elementor-column elementor-col-66 elementor-top-column elementor-element elementor-element-7f672e71\" data-id=\"7f672e71\" data-element_type=\"column\">\n\t\t\t<div class=\"elementor-widget-wrap elementor-element-populated\">\n\t\t\t\t\t\t\t\t<div class=\"elementor-element elementor-element-6c4c6155 elementor-widget__width-initial elementor-widget elementor-widget-image\" data-id=\"6c4c6155\" data-element_type=\"widget\" data-widget_type=\"image.default\">\n\t\t\t\t<div class=\"elementor-widget-container\">\n\t\t\t\t\t\t\t\t\t\t\t\t\t\t\t<img decoding=\"async\" width=\"800\" height=\"300\" src=\"https:\/\/kw-latam.com\/wp-content\/uploads\/2024\/02\/SAP-DATASPHERE.jpg\" class=\"attachment-large size-large wp-image-2529\" alt=\"\" srcset=\"https:\/\/kw-latam.com\/wp-content\/uploads\/2024\/02\/SAP-DATASPHERE.jpg 800w, https:\/\/kw-latam.com\/wp-content\/uploads\/2024\/02\/SAP-DATASPHERE-768x288.jpg 768w, https:\/\/kw-latam.com\/wp-content\/uploads\/2024\/02\/SAP-DATASPHERE-18x7.jpg 18w\" sizes=\"(max-width: 800px) 100vw, 800px\" \/>\t\t\t\t\t\t\t\t\t\t\t\t\t\t\t<\/div>\n\t\t\t\t<\/div>\n\t\t\t\t<div class=\"elementor-element elementor-element-453add60 elementor-widget elementor-widget-text-editor\" data-id=\"453add60\" data-element_type=\"widget\" data-widget_type=\"text-editor.default\">\n\t\t\t\t<div class=\"elementor-widget-container\">\n\t\t\t<style>\/*! elementor - v3.18.0 - 20-12-2023 *\/\n.elementor-widget-text-editor.elementor-drop-cap-view-stacked .elementor-drop-cap{background-color:#69727d;color:#fff}.elementor-widget-text-editor.elementor-drop-cap-view-framed .elementor-drop-cap{color:#69727d;border:3px solid;background-color:transparent}.elementor-widget-text-editor:not(.elementor-drop-cap-view-default) .elementor-drop-cap{margin-top:8px}.elementor-widget-text-editor:not(.elementor-drop-cap-view-default) .elementor-drop-cap-letter{width:1em;height:1em}.elementor-widget-text-editor .elementor-drop-cap{float:left;text-align:center;line-height:1;font-size:50px}.elementor-widget-text-editor .elementor-drop-cap-letter{display:inline-block}<\/style>\t\t\t\t<p>SAP Datasphere, la innovadora plataforma de conectividad y gesti\u00f3n de datos de SAP, transforma la forma en que las empresas aprovechan la informaci\u00f3n. Facilita la integraci\u00f3n de datos distribuidos y heterog\u00e9neos, permitiendo una colaboraci\u00f3n m\u00e1s efectiva y la construcci\u00f3n de ecosistemas de datos robustos. Con un enfoque en la conectividad en tiempo real. Datasphere garantiza el acceso a informaci\u00f3n actualizada para potenciar las iniciativas de Business Intelligence. Su capacidad para gestionar complejos entornos de datos, su compatibilidad con diversas fuentes y su escalabilidad ofrecen flexibilidad a las organizaciones. Adem\u00e1s, Datasphere refuerza la seguridad y el cumplimiento, proporcionando una capa centralizada para la gesti\u00f3n y el intercambio eficiente de datos.<\/p><p>Descubre una nueva era en la gesti\u00f3n de datos con SAP Datasphere, impulsando tu capacidad para tomar decisiones informadas y estrat\u00e9gicas.<\/p>\t\t\t\t\t\t<\/div>\n\t\t\t\t<\/div>\n\t\t\t\t\t<\/div>\n\t\t<\/div>\n\t\t\t\t\t\t\t<\/div>\n\t\t<\/section>\n\t\t\t\t\t\t\t<\/div>","protected":false},"excerpt":{"rendered":"<p>SAP DATASPHERE Introducing SAP Datasphere, the groundbreaking data connectivity and management platform from SAP, revolutionizing how businesses harness information. Simplifying the integration of distributed and heterogeneous data, it enables more effective collaboration and the development of robust data ecosystems. With a focus on real-time connectivity, Datasphere ensures access to up-to-date information to drive Business Intelligence [&hellip;]<\/p>","protected":false},"author":4,"featured_media":0,"parent":0,"menu_order":0,"comment_status":"closed","ping_status":"closed","template":"elementor_header_footer","meta":{"footnotes":""},"class_list":["post-2477","page","type-page","status-publish","hentry"],"acf":[],"yoast_head":"<!-- This site is optimized with the Yoast SEO plugin v21.7 - https:\/\/yoast.com\/wordpress\/plugins\/seo\/ -->\n<title>Sap Datasphere - KW Consultants<\/title>\n<meta name=\"description\" content=\"Introducing SAP Datasphere, the groundbreaking data connectivity and management platform from SAP, revolutionizing how businesses harness information.\" \/>\n<meta name=\"robots\" content=\"index, follow, max-snippet:-1, max-image-preview:large, max-video-preview:-1\" \/>\n<link rel=\"canonical\" href=\"https:\/\/kw-latam.com\/es\/sap-datasphere\/\" \/>\n<meta property=\"og:locale\" content=\"es_ES\" \/>\n<meta property=\"og:type\" content=\"article\" \/>\n<meta property=\"og:title\" content=\"Sap Datasphere - KW Consultants\" \/>\n<meta property=\"og:description\" content=\"Introducing SAP Datasphere, the groundbreaking data connectivity and management platform from SAP, revolutionizing how businesses harness information.\" \/>\n<meta property=\"og:url\" content=\"https:\/\/kw-latam.com\/es\/sap-datasphere\/\" \/>\n<meta property=\"og:site_name\" content=\"KW Consultants\" \/>\n<meta property=\"article:modified_time\" content=\"2024-02-24T04:00:45+00:00\" \/>\n<meta property=\"og:image\" content=\"https:\/\/kw-latam.com\/wp-content\/uploads\/2024\/02\/2-821x1024.jpg\" \/>\n<meta name=\"twitter:card\" content=\"summary_large_image\" \/>\n<meta name=\"twitter:label1\" content=\"Tiempo de lectura\" \/>\n\t<meta name=\"twitter:data1\" content=\"1 minuto\" \/>\n<script type=\"application\/ld+json\" class=\"yoast-schema-graph\">{\"@context\":\"https:\/\/schema.org\",\"@graph\":[{\"@type\":\"WebPage\",\"@id\":\"https:\/\/kw-latam.com\/sap-datasphere\/\",\"url\":\"https:\/\/kw-latam.com\/sap-datasphere\/\",\"name\":\"Sap Datasphere - KW Consultants\",\"isPartOf\":{\"@id\":\"https:\/\/kw-latam.com\/#website\"},\"datePublished\":\"2024-02-14T13:39:58+00:00\",\"dateModified\":\"2024-02-24T04:00:45+00:00\",\"description\":\"Introducing SAP Datasphere, the groundbreaking data connectivity and management platform from SAP, revolutionizing how businesses harness information.\",\"breadcrumb\":{\"@id\":\"https:\/\/kw-latam.com\/sap-datasphere\/#breadcrumb\"},\"inLanguage\":\"es\",\"potentialAction\":[{\"@type\":\"ReadAction\",\"target\":[\"https:\/\/kw-latam.com\/sap-datasphere\/\"]}]},{\"@type\":\"BreadcrumbList\",\"@id\":\"https:\/\/kw-latam.com\/sap-datasphere\/#breadcrumb\",\"itemListElement\":[{\"@type\":\"ListItem\",\"position\":1,\"name\":\"Home\",\"item\":\"https:\/\/kw-latam.com\/\"},{\"@type\":\"ListItem\",\"position\":2,\"name\":\"Sap Datasphere\"}]},{\"@type\":\"WebSite\",\"@id\":\"https:\/\/kw-latam.com\/#website\",\"url\":\"https:\/\/kw-latam.com\/\",\"name\":\"KW Consultants\",\"description\":\"\",\"publisher\":{\"@id\":\"https:\/\/kw-latam.com\/#organization\"},\"potentialAction\":[{\"@type\":\"SearchAction\",\"target\":{\"@type\":\"EntryPoint\",\"urlTemplate\":\"https:\/\/kw-latam.com\/?s={search_term_string}\"},\"query-input\":\"required name=search_term_string\"}],\"inLanguage\":\"es\"},{\"@type\":\"Organization\",\"@id\":\"https:\/\/kw-latam.com\/#organization\",\"name\":\"KW Consultants\",\"url\":\"https:\/\/kw-latam.com\/\",\"logo\":{\"@type\":\"ImageObject\",\"inLanguage\":\"es\",\"@id\":\"https:\/\/kw-latam.com\/#\/schema\/logo\/image\/\",\"url\":\"https:\/\/kw-latam.com\/wp-content\/uploads\/2022\/08\/KW-CONSULTANTS-LOGO.png\",\"contentUrl\":\"https:\/\/kw-latam.com\/wp-content\/uploads\/2022\/08\/KW-CONSULTANTS-LOGO.png\",\"width\":6053,\"height\":3989,\"caption\":\"KW Consultants\"},\"image\":{\"@id\":\"https:\/\/kw-latam.com\/#\/schema\/logo\/image\/\"},\"sameAs\":[\"https:\/\/www.linkedin.com\/company\/kw-consultants01\"]}]}<\/script>\n<!-- \/ Yoast SEO plugin. -->","yoast_head_json":{"title":"Sap Datasphere - KW Consultants","description":"Introducing SAP Datasphere, the groundbreaking data connectivity and management platform from SAP, revolutionizing how businesses harness information.","robots":{"index":"index","follow":"follow","max-snippet":"max-snippet:-1","max-image-preview":"max-image-preview:large","max-video-preview":"max-video-preview:-1"},"canonical":"https:\/\/kw-latam.com\/es\/sap-datasphere\/","og_locale":"es_ES","og_type":"article","og_title":"Sap Datasphere - KW Consultants","og_description":"Introducing SAP Datasphere, the groundbreaking data connectivity and management platform from SAP, revolutionizing how businesses harness information.","og_url":"https:\/\/kw-latam.com\/es\/sap-datasphere\/","og_site_name":"KW Consultants","article_modified_time":"2024-02-24T04:00:45+00:00","og_image":[{"url":"https:\/\/kw-latam.com\/wp-content\/uploads\/2024\/02\/2-821x1024.jpg"}],"twitter_card":"summary_large_image","twitter_misc":{"Tiempo de lectura":"1 minuto"},"schema":{"@context":"https:\/\/schema.org","@graph":[{"@type":"WebPage","@id":"https:\/\/kw-latam.com\/sap-datasphere\/","url":"https:\/\/kw-latam.com\/sap-datasphere\/","name":"Sap Datasphere - KW Consultants","isPartOf":{"@id":"https:\/\/kw-latam.com\/#website"},"datePublished":"2024-02-14T13:39:58+00:00","dateModified":"2024-02-24T04:00:45+00:00","description":"Introducing SAP Datasphere, the groundbreaking data connectivity and management platform from SAP, revolutionizing how businesses harness information.","breadcrumb":{"@id":"https:\/\/kw-latam.com\/sap-datasphere\/#breadcrumb"},"inLanguage":"es","potentialAction":[{"@type":"ReadAction","target":["https:\/\/kw-latam.com\/sap-datasphere\/"]}]},{"@type":"BreadcrumbList","@id":"https:\/\/kw-latam.com\/sap-datasphere\/#breadcrumb","itemListElement":[{"@type":"ListItem","position":1,"name":"Home","item":"https:\/\/kw-latam.com\/"},{"@type":"ListItem","position":2,"name":"Sap Datasphere"}]},{"@type":"WebSite","@id":"https:\/\/kw-latam.com\/#website","url":"https:\/\/kw-latam.com\/","name":"KW Consultants","description":"","publisher":{"@id":"https:\/\/kw-latam.com\/#organization"},"potentialAction":[{"@type":"SearchAction","target":{"@type":"EntryPoint","urlTemplate":"https:\/\/kw-latam.com\/?s={search_term_string}"},"query-input":"required name=search_term_string"}],"inLanguage":"es"},{"@type":"Organization","@id":"https:\/\/kw-latam.com\/#organization","name":"KW Consultants","url":"https:\/\/kw-latam.com\/","logo":{"@type":"ImageObject","inLanguage":"es","@id":"https:\/\/kw-latam.com\/#\/schema\/logo\/image\/","url":"https:\/\/kw-latam.com\/wp-content\/uploads\/2022\/08\/KW-CONSULTANTS-LOGO.png","contentUrl":"https:\/\/kw-latam.com\/wp-content\/uploads\/2022\/08\/KW-CONSULTANTS-LOGO.png","width":6053,"height":3989,"caption":"KW Consultants"},"image":{"@id":"https:\/\/kw-latam.com\/#\/schema\/logo\/image\/"},"sameAs":["https:\/\/www.linkedin.com\/company\/kw-consultants01"]}]}},"_links":{"self":[{"href":"https:\/\/kw-latam.com\/es\/wp-json\/wp\/v2\/pages\/2477","targetHints":{"allow":["GET"]}}],"collection":[{"href":"https:\/\/kw-latam.com\/es\/wp-json\/wp\/v2\/pages"}],"about":[{"href":"https:\/\/kw-latam.com\/es\/wp-json\/wp\/v2\/types\/page"}],"author":[{"embeddable":true,"href":"https:\/\/kw-latam.com\/es\/wp-json\/wp\/v2\/users\/4"}],"replies":[{"embeddable":true,"href":"https:\/\/kw-latam.com\/es\/wp-json\/wp\/v2\/comments?post=2477"}],"version-history":[{"count":31,"href":"https:\/\/kw-latam.com\/es\/wp-json\/wp\/v2\/pages\/2477\/revisions"}],"predecessor-version":[{"id":2532,"href":"https:\/\/kw-latam.com\/es\/wp-json\/wp\/v2\/pages\/2477\/revisions\/2532"}],"wp:attachment":[{"href":"https:\/\/kw-latam.com\/es\/wp-json\/wp\/v2\/media?parent=2477"}],"curies":[{"name":"wp","href":"https:\/\/api.w.org\/{rel}","templated":true}]}}