{"id":1852,"date":"2022-09-16T05:27:06","date_gmt":"2022-09-16T05:27:06","guid":{"rendered":"https:\/\/kw-latam.com\/?page_id=1852"},"modified":"2024-03-14T23:53:49","modified_gmt":"2024-03-14T23:53:49","slug":"sap-data-intelligence","status":"publish","type":"page","link":"https:\/\/kw-latam.com\/es\/sap-business-intelligence-2\/sap-data-intelligence\/","title":{"rendered":"SAP Data Intelligence"},"content":{"rendered":"<div data-elementor-type=\"wp-page\" data-elementor-id=\"1852\" class=\"elementor elementor-1852\">\n\t\t\t\t\t\t\t\t\t<section class=\"elementor-section elementor-top-section elementor-element elementor-element-a2ed9a6 elementor-section-full_width elementor-section-height-min-height elementor-section-height-default elementor-section-items-middle\" data-id=\"a2ed9a6\" data-element_type=\"section\" data-settings=\"{&quot;background_background&quot;:&quot;classic&quot;}\">\n\t\t\t\t\t\t\t<div class=\"elementor-background-overlay\"><\/div>\n\t\t\t\t\t\t\t<div class=\"elementor-container elementor-column-gap-default\">\n\t\t\t\t\t<div class=\"elementor-column elementor-col-100 elementor-top-column elementor-element elementor-element-5611da4\" data-id=\"5611da4\" data-element_type=\"column\">\n\t\t\t<div class=\"elementor-widget-wrap elementor-element-populated\">\n\t\t\t\t\t\t\t\t<div class=\"elementor-element elementor-element-bdebc69 elementor-widget elementor-widget-gva-heading-block\" data-id=\"bdebc69\" data-element_type=\"widget\" data-widget_type=\"gva-heading-block.default\">\n\t\t\t\t<div class=\"elementor-widget-container\">\n\t\t\t<div class=\"gva-element-gva-heading-block gva-element\">   <div class=\"align-center style-1 widget gsc-heading box-align-center auto-responsive\">\r\n      <div class=\"content-inner\">\r\n         \r\n         \r\n         \r\n           \r\n         \r\n                     <h1 class=\"title\">\r\n               <span>SAP Data Intelligence<\/span>\r\n            <\/h1>\r\n                  \r\n         \r\n      <\/div>\r\n   <\/div>\r\n<\/div>\t\t<\/div>\n\t\t\t\t<\/div>\n\t\t\t\t\t<\/div>\n\t\t<\/div>\n\t\t\t\t\t\t\t<\/div>\n\t\t<\/section>\n\t\t\t\t<section class=\"elementor-section elementor-top-section elementor-element elementor-element-080a77c elementor-section-boxed elementor-section-height-default elementor-section-height-default\" data-id=\"080a77c\" data-element_type=\"section\">\n\t\t\t\t\t\t<div class=\"elementor-container elementor-column-gap-default\">\n\t\t\t\t\t<div class=\"elementor-column elementor-col-33 elementor-top-column elementor-element elementor-element-f6546e8\" data-id=\"f6546e8\" data-element_type=\"column\">\n\t\t\t<div class=\"elementor-widget-wrap elementor-element-populated\">\n\t\t\t\t\t\t\t\t<div class=\"elementor-element elementor-element-1e96b6e elementor-widget elementor-widget-image\" data-id=\"1e96b6e\" data-element_type=\"widget\" data-widget_type=\"image.default\">\n\t\t\t\t<div class=\"elementor-widget-container\">\n\t\t\t<style>\/*! elementor - v3.18.0 - 20-12-2023 *\/\n.elementor-widget-image{text-align:center}.elementor-widget-image a{display:inline-block}.elementor-widget-image a img[src$=\".svg\"]{width:48px}.elementor-widget-image img{vertical-align:middle;display:inline-block}<\/style>\t\t\t\t\t\t\t\t\t\t\t\t<img fetchpriority=\"high\" decoding=\"async\" width=\"683\" height=\"1024\" src=\"https:\/\/kw-latam.com\/wp-content\/uploads\/2022\/09\/iStock-1162810990-683x1024.jpg\" class=\"attachment-large size-large wp-image-1854\" alt=\"\" srcset=\"https:\/\/kw-latam.com\/wp-content\/uploads\/2022\/09\/iStock-1162810990-683x1024.jpg 683w, https:\/\/kw-latam.com\/wp-content\/uploads\/2022\/09\/iStock-1162810990-768x1151.jpg 768w, https:\/\/kw-latam.com\/wp-content\/uploads\/2022\/09\/iStock-1162810990-scaled.jpg 1709w\" sizes=\"(max-width: 683px) 100vw, 683px\" \/>\t\t\t\t\t\t\t\t\t\t\t\t\t\t\t<\/div>\n\t\t\t\t<\/div>\n\t\t\t\t\t<\/div>\n\t\t<\/div>\n\t\t\t\t<div class=\"elementor-column elementor-col-66 elementor-top-column elementor-element elementor-element-90da51d\" data-id=\"90da51d\" data-element_type=\"column\">\n\t\t\t<div class=\"elementor-widget-wrap elementor-element-populated\">\n\t\t\t\t\t\t\t\t<div class=\"elementor-element elementor-element-4be7a23 elementor-widget elementor-widget-image\" data-id=\"4be7a23\" data-element_type=\"widget\" data-widget_type=\"image.default\">\n\t\t\t\t<div class=\"elementor-widget-container\">\n\t\t\t\t\t\t\t\t\t\t\t\t\t\t\t<img decoding=\"async\" width=\"910\" height=\"450\" src=\"https:\/\/kw-latam.com\/wp-content\/uploads\/2022\/09\/SAP_2011_logo.svg.png\" class=\"attachment-full size-full wp-image-1520\" alt=\"\" srcset=\"https:\/\/kw-latam.com\/wp-content\/uploads\/2022\/09\/SAP_2011_logo.svg.png 910w, https:\/\/kw-latam.com\/wp-content\/uploads\/2022\/09\/SAP_2011_logo.svg-768x380.png 768w\" sizes=\"(max-width: 910px) 100vw, 910px\" \/>\t\t\t\t\t\t\t\t\t\t\t\t\t\t\t<\/div>\n\t\t\t\t<\/div>\n\t\t\t\t<div class=\"elementor-element elementor-element-725f666 elementor-widget elementor-widget-text-editor\" data-id=\"725f666\" data-element_type=\"widget\" data-widget_type=\"text-editor.default\">\n\t\t\t\t<div class=\"elementor-widget-container\">\n\t\t\t<style>\/*! elementor - v3.18.0 - 20-12-2023 *\/\n.elementor-widget-text-editor.elementor-drop-cap-view-stacked .elementor-drop-cap{background-color:#69727d;color:#fff}.elementor-widget-text-editor.elementor-drop-cap-view-framed .elementor-drop-cap{color:#69727d;border:3px solid;background-color:transparent}.elementor-widget-text-editor:not(.elementor-drop-cap-view-default) .elementor-drop-cap{margin-top:8px}.elementor-widget-text-editor:not(.elementor-drop-cap-view-default) .elementor-drop-cap-letter{width:1em;height:1em}.elementor-widget-text-editor .elementor-drop-cap{float:left;text-align:center;line-height:1;font-size:50px}.elementor-widget-text-editor .elementor-drop-cap-letter{display:inline-block}<\/style>\t\t\t\t<p><span style=\"font-weight: 400;\">SAP Data Intelligence te ayuda a optimizar la calidad, volumen y coste de tus datos para que puedas tomar decisiones m\u00e1s inteligentes. Ofrece una visi\u00f3n avanzada de los datos para respaldar el an\u00e1lisis e informes m\u00e1s completos en tiempo real, utilizando la SAP Business Suite. Adem\u00e1s, proporciona una integraci\u00f3n simple y autom\u00e1tica con tus aplicaciones actuales para ayudarte a construir aplicaciones inteligentes.<\/span><\/p><p><strong>SAP Data Intelligence puede ayudarte a:<\/strong><\/p><ul><li><span style=\"font-weight: 400;\">Crear aplicaciones m\u00e1s inteligentes con preparaci\u00f3n de datos de autoservicio, an\u00e1lisis predictivo y aprendizaje autom\u00e1tico.<\/span><\/li><li><span style=\"font-weight: 400;\">Automatizar procesos clave de datos y mejorar la calidad de tu informaci\u00f3n<\/span><\/li><li><span style=\"font-weight: 400;\">Obtener insights m\u00e1s profundos sobre tu negocio mediante capacidades avanzadas de informes y an\u00e1lisis.<\/span><\/li><\/ul>\t\t\t\t\t\t<\/div>\n\t\t\t\t<\/div>\n\t\t\t\t\t<\/div>\n\t\t<\/div>\n\t\t\t\t\t\t\t<\/div>\n\t\t<\/section>\n\t\t\t\t\t\t\t<\/div>","protected":false},"excerpt":{"rendered":"<p>SAP Data Intelligence SAP Data Intelligence helps you optimize the quality, volume and cost of your data so you can make smarter decisions. It gives you advanced data insight to support analytics and more comprehensive reports in real time, using the SAP Business Suite. And it provides simple, automatic integration with your current applications to [&hellip;]<\/p>","protected":false},"author":2,"featured_media":0,"parent":1445,"menu_order":0,"comment_status":"closed","ping_status":"closed","template":"","meta":{"footnotes":""},"class_list":["post-1852","page","type-page","status-publish","hentry"],"acf":[],"yoast_head":"<!-- This site is optimized with the Yoast SEO plugin v21.7 - https:\/\/yoast.com\/wordpress\/plugins\/seo\/ -->\n<title>SAP Data Intelligence - KW Consultants<\/title>\n<meta name=\"description\" content=\"Let us do the work for you. SAP Data Intelligence Consultants, With 15+ years of Database Application Development and Support Services.\" \/>\n<meta name=\"robots\" content=\"index, follow, max-snippet:-1, max-image-preview:large, max-video-preview:-1\" \/>\n<link rel=\"canonical\" href=\"https:\/\/kw-latam.com\/es\/sap-business-intelligence-2\/sap-data-intelligence\/\" \/>\n<meta property=\"og:locale\" content=\"es_ES\" \/>\n<meta property=\"og:type\" content=\"article\" \/>\n<meta property=\"og:title\" content=\"SAP Data Intelligence - KW Consultants\" \/>\n<meta property=\"og:description\" content=\"Let us do the work for you. SAP Data Intelligence Consultants, With 15+ years of Database Application Development and Support Services.\" \/>\n<meta property=\"og:url\" content=\"https:\/\/kw-latam.com\/es\/sap-business-intelligence-2\/sap-data-intelligence\/\" \/>\n<meta property=\"og:site_name\" content=\"KW Consultants\" \/>\n<meta property=\"article:modified_time\" content=\"2024-03-14T23:53:49+00:00\" \/>\n<meta property=\"og:image\" content=\"https:\/\/kw-latam.com\/wp-content\/uploads\/2022\/09\/iStock-1162810990-683x1024.jpg\" \/>\n<meta name=\"twitter:card\" content=\"summary_large_image\" \/>\n<meta name=\"twitter:label1\" content=\"Tiempo de lectura\" \/>\n\t<meta name=\"twitter:data1\" content=\"1 minuto\" \/>\n<script type=\"application\/ld+json\" class=\"yoast-schema-graph\">{\"@context\":\"https:\/\/schema.org\",\"@graph\":[{\"@type\":\"WebPage\",\"@id\":\"https:\/\/kw-latam.com\/sap-business-intelligence-2\/sap-data-intelligence\/\",\"url\":\"https:\/\/kw-latam.com\/sap-business-intelligence-2\/sap-data-intelligence\/\",\"name\":\"SAP Data Intelligence - KW Consultants\",\"isPartOf\":{\"@id\":\"https:\/\/kw-latam.com\/#website\"},\"datePublished\":\"2022-09-16T05:27:06+00:00\",\"dateModified\":\"2024-03-14T23:53:49+00:00\",\"description\":\"Let us do the work for you. SAP Data Intelligence Consultants, With 15+ years of Database Application Development and Support Services.\",\"breadcrumb\":{\"@id\":\"https:\/\/kw-latam.com\/sap-business-intelligence-2\/sap-data-intelligence\/#breadcrumb\"},\"inLanguage\":\"es\",\"potentialAction\":[{\"@type\":\"ReadAction\",\"target\":[\"https:\/\/kw-latam.com\/sap-business-intelligence-2\/sap-data-intelligence\/\"]}]},{\"@type\":\"BreadcrumbList\",\"@id\":\"https:\/\/kw-latam.com\/sap-business-intelligence-2\/sap-data-intelligence\/#breadcrumb\",\"itemListElement\":[{\"@type\":\"ListItem\",\"position\":1,\"name\":\"Home\",\"item\":\"https:\/\/kw-latam.com\/\"},{\"@type\":\"ListItem\",\"position\":2,\"name\":\"Solutions\",\"item\":\"https:\/\/kw-latam.com\/sap-business-intelligence-2\/\"},{\"@type\":\"ListItem\",\"position\":3,\"name\":\"SAP Data Intelligence\"}]},{\"@type\":\"WebSite\",\"@id\":\"https:\/\/kw-latam.com\/#website\",\"url\":\"https:\/\/kw-latam.com\/\",\"name\":\"KW Consultants\",\"description\":\"\",\"publisher\":{\"@id\":\"https:\/\/kw-latam.com\/#organization\"},\"potentialAction\":[{\"@type\":\"SearchAction\",\"target\":{\"@type\":\"EntryPoint\",\"urlTemplate\":\"https:\/\/kw-latam.com\/?s={search_term_string}\"},\"query-input\":\"required name=search_term_string\"}],\"inLanguage\":\"es\"},{\"@type\":\"Organization\",\"@id\":\"https:\/\/kw-latam.com\/#organization\",\"name\":\"KW Consultants\",\"url\":\"https:\/\/kw-latam.com\/\",\"logo\":{\"@type\":\"ImageObject\",\"inLanguage\":\"es\",\"@id\":\"https:\/\/kw-latam.com\/#\/schema\/logo\/image\/\",\"url\":\"https:\/\/kw-latam.com\/wp-content\/uploads\/2022\/08\/KW-CONSULTANTS-LOGO.png\",\"contentUrl\":\"https:\/\/kw-latam.com\/wp-content\/uploads\/2022\/08\/KW-CONSULTANTS-LOGO.png\",\"width\":6053,\"height\":3989,\"caption\":\"KW Consultants\"},\"image\":{\"@id\":\"https:\/\/kw-latam.com\/#\/schema\/logo\/image\/\"},\"sameAs\":[\"https:\/\/www.linkedin.com\/company\/kw-consultants01\"]}]}<\/script>\n<!-- \/ Yoast SEO plugin. -->","yoast_head_json":{"title":"SAP Data Intelligence - KW Consultants","description":"Let us do the work for you. SAP Data Intelligence Consultants, With 15+ years of Database Application Development and Support Services.","robots":{"index":"index","follow":"follow","max-snippet":"max-snippet:-1","max-image-preview":"max-image-preview:large","max-video-preview":"max-video-preview:-1"},"canonical":"https:\/\/kw-latam.com\/es\/sap-business-intelligence-2\/sap-data-intelligence\/","og_locale":"es_ES","og_type":"article","og_title":"SAP Data Intelligence - KW Consultants","og_description":"Let us do the work for you. SAP Data Intelligence Consultants, With 15+ years of Database Application Development and Support Services.","og_url":"https:\/\/kw-latam.com\/es\/sap-business-intelligence-2\/sap-data-intelligence\/","og_site_name":"KW Consultants","article_modified_time":"2024-03-14T23:53:49+00:00","og_image":[{"url":"https:\/\/kw-latam.com\/wp-content\/uploads\/2022\/09\/iStock-1162810990-683x1024.jpg"}],"twitter_card":"summary_large_image","twitter_misc":{"Tiempo de lectura":"1 minuto"},"schema":{"@context":"https:\/\/schema.org","@graph":[{"@type":"WebPage","@id":"https:\/\/kw-latam.com\/sap-business-intelligence-2\/sap-data-intelligence\/","url":"https:\/\/kw-latam.com\/sap-business-intelligence-2\/sap-data-intelligence\/","name":"SAP Data Intelligence - KW Consultants","isPartOf":{"@id":"https:\/\/kw-latam.com\/#website"},"datePublished":"2022-09-16T05:27:06+00:00","dateModified":"2024-03-14T23:53:49+00:00","description":"Let us do the work for you. SAP Data Intelligence Consultants, With 15+ years of Database Application Development and Support Services.","breadcrumb":{"@id":"https:\/\/kw-latam.com\/sap-business-intelligence-2\/sap-data-intelligence\/#breadcrumb"},"inLanguage":"es","potentialAction":[{"@type":"ReadAction","target":["https:\/\/kw-latam.com\/sap-business-intelligence-2\/sap-data-intelligence\/"]}]},{"@type":"BreadcrumbList","@id":"https:\/\/kw-latam.com\/sap-business-intelligence-2\/sap-data-intelligence\/#breadcrumb","itemListElement":[{"@type":"ListItem","position":1,"name":"Home","item":"https:\/\/kw-latam.com\/"},{"@type":"ListItem","position":2,"name":"Solutions","item":"https:\/\/kw-latam.com\/sap-business-intelligence-2\/"},{"@type":"ListItem","position":3,"name":"SAP Data Intelligence"}]},{"@type":"WebSite","@id":"https:\/\/kw-latam.com\/#website","url":"https:\/\/kw-latam.com\/","name":"KW Consultants","description":"","publisher":{"@id":"https:\/\/kw-latam.com\/#organization"},"potentialAction":[{"@type":"SearchAction","target":{"@type":"EntryPoint","urlTemplate":"https:\/\/kw-latam.com\/?s={search_term_string}"},"query-input":"required name=search_term_string"}],"inLanguage":"es"},{"@type":"Organization","@id":"https:\/\/kw-latam.com\/#organization","name":"KW Consultants","url":"https:\/\/kw-latam.com\/","logo":{"@type":"ImageObject","inLanguage":"es","@id":"https:\/\/kw-latam.com\/#\/schema\/logo\/image\/","url":"https:\/\/kw-latam.com\/wp-content\/uploads\/2022\/08\/KW-CONSULTANTS-LOGO.png","contentUrl":"https:\/\/kw-latam.com\/wp-content\/uploads\/2022\/08\/KW-CONSULTANTS-LOGO.png","width":6053,"height":3989,"caption":"KW Consultants"},"image":{"@id":"https:\/\/kw-latam.com\/#\/schema\/logo\/image\/"},"sameAs":["https:\/\/www.linkedin.com\/company\/kw-consultants01"]}]}},"_links":{"self":[{"href":"https:\/\/kw-latam.com\/es\/wp-json\/wp\/v2\/pages\/1852","targetHints":{"allow":["GET"]}}],"collection":[{"href":"https:\/\/kw-latam.com\/es\/wp-json\/wp\/v2\/pages"}],"about":[{"href":"https:\/\/kw-latam.com\/es\/wp-json\/wp\/v2\/types\/page"}],"author":[{"embeddable":true,"href":"https:\/\/kw-latam.com\/es\/wp-json\/wp\/v2\/users\/2"}],"replies":[{"embeddable":true,"href":"https:\/\/kw-latam.com\/es\/wp-json\/wp\/v2\/comments?post=1852"}],"version-history":[{"count":17,"href":"https:\/\/kw-latam.com\/es\/wp-json\/wp\/v2\/pages\/1852\/revisions"}],"predecessor-version":[{"id":2675,"href":"https:\/\/kw-latam.com\/es\/wp-json\/wp\/v2\/pages\/1852\/revisions\/2675"}],"up":[{"embeddable":true,"href":"https:\/\/kw-latam.com\/es\/wp-json\/wp\/v2\/pages\/1445"}],"wp:attachment":[{"href":"https:\/\/kw-latam.com\/es\/wp-json\/wp\/v2\/media?parent=1852"}],"curies":[{"name":"wp","href":"https:\/\/api.w.org\/{rel}","templated":true}]}}